{"id":3525,"date":"2021-04-10T20:17:27","date_gmt":"2021-04-11T01:17:27","guid":{"rendered":"https:\/\/concejodequibdo.gov.co\/sitio\/?page_id=3525"},"modified":"2025-12-04T20:56:36","modified_gmt":"2025-12-05T01:56:36","slug":"convocatorias-2","status":"publish","type":"page","link":"https:\/\/concejodequibdo.gov.co\/sitio\/convocatorias-2\/","title":{"rendered":"Convocatorias"},"content":{"rendered":"\t\t<div data-elementor-type=\"wp-page\" data-elementor-id=\"3525\" class=\"elementor elementor-3525\">\n\t\t\t\t\t\t<section class=\"elementor-section elementor-top-section elementor-element elementor-element-7f892f6 elementor-section-boxed elementor-section-height-default elementor-section-height-default\" data-id=\"7f892f6\" data-element_type=\"section\">\n\t\t\t\t\t\t<div class=\"elementor-container elementor-column-gap-default\">\n\t\t\t\t\t<div class=\"elementor-column elementor-col-100 elementor-top-column elementor-element elementor-element-47608bc\" data-id=\"47608bc\" data-element_type=\"column\">\n\t\t\t<div class=\"elementor-widget-wrap elementor-element-populated\">\n\t\t\t\t\t\t<div class=\"elementor-element elementor-element-6bb9b57 elementor-widget elementor-widget-accordion\" data-id=\"6bb9b57\" data-element_type=\"widget\" data-widget_type=\"accordion.default\">\n\t\t\t\t<div class=\"elementor-widget-container\">\n\t\t\t\t\t\t\t<div class=\"elementor-accordion\">\n\t\t\t\t\t\t\t<div class=\"elementor-accordion-item\">\n\t\t\t\t\t<div id=\"elementor-tab-title-1121\" class=\"elementor-tab-title\" data-tab=\"1\" role=\"button\" aria-controls=\"elementor-tab-content-1121\" aria-expanded=\"false\">\n\t\t\t\t\t\t\t\t\t\t\t\t\t<span class=\"elementor-accordion-icon elementor-accordion-icon-left\" aria-hidden=\"true\">\n\t\t\t\t\t\t\t\t\t\t\t\t\t\t\t<span class=\"elementor-accordion-icon-closed\"><i class=\"fas fa-plus\"><\/i><\/span>\n\t\t\t\t\t\t\t\t<span class=\"elementor-accordion-icon-opened\"><i class=\"fas fa-minus\"><\/i><\/span>\n\t\t\t\t\t\t\t\t\t\t\t\t\t\t<\/span>\n\t\t\t\t\t\t\t\t\t\t\t\t<a class=\"elementor-accordion-title\" tabindex=\"0\">Elecci\u00f3n de Secretario (a) General periodo 2025<\/a>\n\t\t\t\t\t<\/div>\n\t\t\t\t\t<div id=\"elementor-tab-content-1121\" class=\"elementor-tab-content elementor-clearfix\" data-tab=\"1\" role=\"region\" aria-labelledby=\"elementor-tab-title-1121\"><h5><strong>Conozca el listado de las personas que fueron admitidas para continuar en el proceso de convocatoria de conformidad a la resoluci\u00f3n N\u00b0013 de noviembre de 2025.<\/strong><\/h5>\n<div><a href=\"https:\/\/drive.google.com\/file\/d\/1XG1T8Qk0ukvspsBM5HsLGtEmHbHbON-h\/view?usp=sharing\"><b><u>Ver Listado<\/u><\/b><br><\/a><strong><br><\/strong><\/div>\n<h5><b style=\"color: #000000; font-family: Roboto, sans-serif; font-size: 15px;\">Resoluci\u00f3n 013 de 2025,&nbsp;<span style=\"color: #030303; font-family: Poppins; font-size: 16px;\">Por medio del cual se hace la convocatoria p\u00fablica para la elecci\u00f3n del Secretario(a) General del Concejo Municipal de Quibd\u00f3 para el periodo 2026 y se dicta su procedimiento<\/span><\/b><\/h5>\n<h1><span style=\"color: #030303; font-family: Poppins; font-size: 16px;\"><u><a href=\"https:\/\/drive.google.com\/file\/d\/1b1IuIjMQClIRB8kgHAJUYbRegs8NKvtc\/view?usp=sharing\">Ver Convocatori<\/a>a<\/u><\/span><\/h1><\/div>\n\t\t\t\t<\/div>\n\t\t\t\t\t\t\t<div class=\"elementor-accordion-item\">\n\t\t\t\t\t<div id=\"elementor-tab-title-1122\" class=\"elementor-tab-title\" data-tab=\"2\" role=\"button\" aria-controls=\"elementor-tab-content-1122\" aria-expanded=\"false\">\n\t\t\t\t\t\t\t\t\t\t\t\t\t<span class=\"elementor-accordion-icon elementor-accordion-icon-left\" aria-hidden=\"true\">\n\t\t\t\t\t\t\t\t\t\t\t\t\t\t\t<span class=\"elementor-accordion-icon-closed\"><i class=\"fas fa-plus\"><\/i><\/span>\n\t\t\t\t\t\t\t\t<span class=\"elementor-accordion-icon-opened\"><i class=\"fas fa-minus\"><\/i><\/span>\n\t\t\t\t\t\t\t\t\t\t\t\t\t\t<\/span>\n\t\t\t\t\t\t\t\t\t\t\t\t<a class=\"elementor-accordion-title\" tabindex=\"0\">Elecci\u00f3n de Secretario (a) General periodo 2024<\/a>\n\t\t\t\t\t<\/div>\n\t\t\t\t\t<div id=\"elementor-tab-content-1122\" class=\"elementor-tab-content elementor-clearfix\" data-tab=\"2\" role=\"region\" aria-labelledby=\"elementor-tab-title-1122\"><h4><b>Conozca el listado de las personas que fueron admitidas para continuar en el proceso de convocatoria de conformidad a la resoluci\u00f3n N\u00b0002 del 3 de enero de 2024.<\/b><\/h4><div><a href=\"https:\/\/concejodequibdo.gov.co\/sitio\/wp-content\/uploads\/2024\/01\/Listado-de-admitidos.pdf\" target=\"_blank\" rel=\"noopener\"><u>Ver lista de admitidos<\/u><\/a><\/div><div><b>\u00a0<\/b><\/div><h4><strong>Resoluci\u00f3n 002, por medio del cual se hace la convocatoria publica para la eleccion del secretario (a) general del concejo municipal de Quibd\u00f3, para el periodo 2024 y se dicta su procedimiento.<\/strong><\/h4><p><a href=\"https:\/\/drive.google.com\/file\/d\/1yIZXGdApowGmUKKiqwo867D2PDNsblif\/view\" target=\"_blank\" rel=\"noopener\">Ver convocatoria<\/a><\/p><\/div>\n\t\t\t\t<\/div>\n\t\t\t\t\t\t\t<div class=\"elementor-accordion-item\">\n\t\t\t\t\t<div id=\"elementor-tab-title-1123\" class=\"elementor-tab-title\" data-tab=\"3\" role=\"button\" aria-controls=\"elementor-tab-content-1123\" aria-expanded=\"false\">\n\t\t\t\t\t\t\t\t\t\t\t\t\t<span class=\"elementor-accordion-icon elementor-accordion-icon-left\" aria-hidden=\"true\">\n\t\t\t\t\t\t\t\t\t\t\t\t\t\t\t<span class=\"elementor-accordion-icon-closed\"><i class=\"fas fa-plus\"><\/i><\/span>\n\t\t\t\t\t\t\t\t<span class=\"elementor-accordion-icon-opened\"><i class=\"fas fa-minus\"><\/i><\/span>\n\t\t\t\t\t\t\t\t\t\t\t\t\t\t<\/span>\n\t\t\t\t\t\t\t\t\t\t\t\t<a class=\"elementor-accordion-title\" tabindex=\"0\">Elecci\u00f3n Personero (a) para el periodo constitucional comprendido entre el 01 de marzo de 2024 y el 29 de febrero de 2028<\/a>\n\t\t\t\t\t<\/div>\n\t\t\t\t\t<div id=\"elementor-tab-content-1123\" class=\"elementor-tab-content elementor-clearfix\" data-tab=\"3\" role=\"region\" aria-labelledby=\"elementor-tab-title-1123\"><h4>Conozca la elecci\u00f3n del personero municipal de Quibd\u00f3-Choc\u00f3 para el periodo institucional 2024-2028 de conformidad a la lista de elegibles, resultado del concuros abierto de meritos.<\/h4><div style=\"color: #7a7a7a; font-family: Roboto, sans-serif; font-size: 15px; font-weight: 400;\"><span style=\"color: #00ccff;\"><a style=\"color: #00ccff;\" href=\"https:\/\/concejodequibdo.gov.co\/sitio\/wp-content\/uploads\/2024\/01\/RESOLUCION-N%C2%B0004-del-10-de-enero-de-2024.pdf\" target=\"_blank\" rel=\"noopener\"><u>Ver resultado<\/u><\/a><\/span><\/div><div style=\"color: #7a7a7a; font-family: Roboto, sans-serif; font-size: 15px; font-weight: 400;\">\u00a0<\/div><h4><span style=\"color: #000000;\">En relacion a todos los resultados obtenidos se publica el Listado de elegibles del concurso publico y abierto de meritos para la elecci\u00f3n de personero municipal.\u00a0<\/span><\/h4><div><span style=\"text-decoration: underline; color: #00ccff;\"><a style=\"color: #00ccff; text-decoration: underline;\" href=\"https:\/\/concejodequibdo.gov.co\/sitio\/wp-content\/uploads\/2024\/01\/Resolucion-N\u00b0003-del-09-de-enero-de-2024.pdf\" target=\"_blank\" rel=\"noopener\">Ver listado de elegibles<\/a><\/span><\/div><div><span style=\"color: #000000;\">\u00a0<\/span><\/div><h4><span style=\"color: #000000;\">Dando cumplimiento a la resoluci\u00f3n de convocatoria del municipio de Quibd\u00f3 y de conformidad con los articulos 42, 43, 45 y 46 de la misma, se llev\u00f3 a cabo entrevista el dia 05 de enero de 2024 ante el concejo municipal de Quibd\u00f3.<\/span><\/h4><p><a href=\"https:\/\/concejodequibdo.gov.co\/sitio\/wp-content\/uploads\/2024\/01\/100-QUIBDO-CONSOLIDADO-100-lista-elegibles-.pdf\">Ver lista de elegibles<\/a><\/p><h4><span style=\"color: #000000;\">La mesa directiva del honorable concejo municipal de Quibd\u00f3, del departamento de choc\u00f3, en uso de sus facultades constitucionales y legales, en especial las conferidas en el art\u00edculo 313 de la constituci\u00f3n pol\u00edtica; los art\u00edculos 35 y 170 de la ley 136 de 1994 modificado por el art\u00edculo 35 de la ley 1551 de 2012 y el art\u00edculo 32 de la ley 136 de 1994, modificado por el art\u00edculo 18 de la ley 1551 de 2012, en cumplimiento de lo establecido en el t\u00edtulo 27 del decreto 1083 de 2015, procede a dar apertura y reglamentar la convocatoria del concurso p\u00fablico y abierto de m\u00e9rito para proveer el cargo de personero municipal de Quibd\u00f3, departamento de choc\u00f3, para el periodo constitucional comprendido entre el 01 de marzo de 2024 y el 29 de febrero de 2028.\u00a0<\/span><\/h4><div><a href=\"https:\/\/concejodequibdo.gov.co\/sitio\/wp-content\/uploads\/2023\/08\/RESOLUCION-N\u00b0096-DE-2023-CONVOCATORIA-CONCURSO-PERSONERO_.pdf\">Ver Convocatoria Personero \u00a0 \u00a0 \u00a0<\/a><a href=\"https:\/\/concejodequibdo.gov.co\/sitio\/wp-content\/uploads\/2023\/08\/CRONOGRAMA-CONCURSO-PERSONERO-2024-2027_.pdf\">Cronograma Concurso Personero\u00a0 \u00a0 \u00a0 \u00a0<\/a><a href=\"https:\/\/concejodequibdo.gov.co\/sitio\/wp-content\/uploads\/2023\/08\/QUIBDO-CHOCO-LISTA-DE-ADMITIDOS-Y-NO-ADMITIDOS-CONCURSO.pdf\">Ver Lista de Admitidos y no Admitidos<\/a><\/div><div>\u00a0<\/div><div>\u00a0<\/div><h4 style=\"text-align: left;\"><span style=\"color: #000000;\">Verificadas las reclamaciones realizadas a la lista preliminar de admitidos y no<\/span><br \/><span style=\"color: #000000;\">admitidos, durante el tiempo otorgado en la resoluci\u00f3n de convocatoria, nos<\/span><br \/><span style=\"color: #000000;\">permitimos publicar la Lista Definitiva de Admitidos, los cuales contin\u00faan con el<\/span><br \/><span style=\"color: #000000;\">proceso.<\/span><\/h4><div><a href=\"https:\/\/concejodequibdo.gov.co\/sitio\/wp-content\/uploads\/2023\/08\/LISTA-DEFINITIVA-CONCURSO-DE-PERSONERO-QUIBDO-CHOCO.pdf\">Ver Listado definitivo de Admitidos<\/a><\/div><div>\u00a0<\/div><div><h4><span style=\"color: #000000;\">Continuando con el proceso de convocatoria del concurso p\u00fablico y abierto de m\u00e9rito para proveer el cargo de personero municipal de Quibd\u00f3, departamento de choc\u00f3, para el periodo constitucional comprendido entre el 01 de marzo de 2024 y el 29 de febrero de 2028. Nos permitimos publicar la gu\u00eda para las pruebas escritas y la citaci\u00f3n para las mismas.<\/span><\/h4><\/div><p><a href=\"https:\/\/concejodequibdo.gov.co\/sitio\/wp-content\/uploads\/2023\/09\/Guia-para-pruebas-escritas-2023-FINAL-CORREGIDA.pdf\">Gui\u0301a para Pruebas Escrita Personero<\/a>\u00a0 <a href=\"https:\/\/concejodequibdo.gov.co\/sitio\/wp-content\/uploads\/2023\/09\/CHOCO-Coreccion-direccion-CITACION-A-PRUEBAS-.pdf\">Citaci\u00f3n a Pruebas Personero<\/a><\/p><h4><span style=\"color: #000000;\">Intenalco, Instituci\u00f3n De Educaci\u00f3n Superior en cumplimiento a la Resoluci\u00f3n de Convocatoria para la elecci\u00f3n del Personero Municipal del Municipio de QUIBDO- CHOCO, para el periodo 2024- 2028 y de conformidad a las Resoluci\u00f3n de Convocatoria, que regula el Concurso p\u00fablico abierto de M\u00e9ritos, publica los resultados de las pruebas de conocimiento y competencias comportamentales.<\/span><\/h4><p><a href=\"https:\/\/concejodequibdo.gov.co\/sitio\/wp-content\/uploads\/2023\/09\/RP-QUIBDO-RESULTADOS-PRUEBAS-DE-CONOCIMIENTO-Y-COMPORTAMENTALES-2024-2028.pdf\">Resultados pruebas de conocimiento y comportamentales<\/a><\/p><div><h4>Conozca el listado de habilitados dentro del proceso de concurso publico y abierto de m\u00e9ritos para la elecci\u00f3n del personero del municipio de Quibd\u00f3.<\/h4><p><a href=\"https:\/\/concejodequibdo.gov.co\/sitio\/wp-content\/uploads\/2023\/09\/QUIBDO-LISTADO-DE-HABILITADOS-.pdf\">Ver Listado de Habilitados<\/a><\/p><h4>Citaci\u00f3n a presentaci\u00f3n de entrevista para proveer el cargo de personero municipal del municipio de Quibd\u00f3 para el per\u00edodo constitucional 2024 \u2013 2028.<\/h4><p><a href=\"https:\/\/concejodequibdo.gov.co\/sitio\/wp-content\/uploads\/2024\/01\/CITACION-A-ENTREVISTA-ASPIRANTES-PERSONERIA.pdf\">Ver Citaci\u00f3n a Entrevista<\/a>\u00a0 \u00a0 <a href=\"https:\/\/concejodequibdo.gov.co\/sitio\/wp-content\/uploads\/2024\/01\/CARTILLA-GUIA-PARA-LA-PRESENTACION-DE-ENTREVISTA.pdf\">Ver Cartilla Gu\u00eda para La Presentaci\u00f3n De Entrevista<\/a><\/p><\/div><\/div>\n\t\t\t\t<\/div>\n\t\t\t\t\t\t\t<div class=\"elementor-accordion-item\">\n\t\t\t\t\t<div id=\"elementor-tab-title-1124\" class=\"elementor-tab-title\" data-tab=\"4\" role=\"button\" aria-controls=\"elementor-tab-content-1124\" aria-expanded=\"false\">\n\t\t\t\t\t\t\t\t\t\t\t\t\t<span class=\"elementor-accordion-icon elementor-accordion-icon-left\" aria-hidden=\"true\">\n\t\t\t\t\t\t\t\t\t\t\t\t\t\t\t<span class=\"elementor-accordion-icon-closed\"><i class=\"fas fa-plus\"><\/i><\/span>\n\t\t\t\t\t\t\t\t<span class=\"elementor-accordion-icon-opened\"><i class=\"fas fa-minus\"><\/i><\/span>\n\t\t\t\t\t\t\t\t\t\t\t\t\t\t<\/span>\n\t\t\t\t\t\t\t\t\t\t\t\t<a class=\"elementor-accordion-title\" tabindex=\"0\">Elecci\u00f3n de Secretario (a) General per\u00edodo 2023<\/a>\n\t\t\t\t\t<\/div>\n\t\t\t\t\t<div id=\"elementor-tab-content-1124\" class=\"elementor-tab-content elementor-clearfix\" data-tab=\"4\" role=\"region\" aria-labelledby=\"elementor-tab-title-1124\"><h4>LA MEDA DIRECTIVA DEL\u00a0 CONCEJO MUNICIPAL DE QUIBDO en uso de sus facultades constitucionales y legales y especial las conferidas por el articulo 272 de la Constituci\u00f3n Pol\u00edtica, modificada por el art\u00edculo 2\u00ba del Acto legislativo 02 de 2015, el articulo 37 y 49\u00a0 de la ley 136 de 1994, modificado\u00a0 por la ley 1551 de 2021\u00a0<\/h4><h5>Dispone la apertura de la convocatoria publica para la elecci\u00f3n del Secretario(a) General del Concejo Municipal de Quibd\u00f3, para el periodo constitucional 2023.<\/h5><ul><li><h4><span style=\"color: #0000ff;\"><a style=\"color: #0000ff;\" href=\"https:\/\/drive.google.com\/file\/d\/1VvPD9aHzjaDVB-iJUtgyPfgdUz7vFQhW\/view?usp=share_link\" target=\"_blank\" rel=\"noopener\">Ver convocatoria, t\u00e9rminos y referencia<\/a><\/span><\/h4><\/li><li><h4><a href=\"https:\/\/drive.google.com\/file\/d\/1wLWNfalCzm1A1U9xIXy0kGpFOzjQ5v7c\/view?usp=sharing\" target=\"_blank\" rel=\"noopener\" data-wplink-edit=\"true\">Ver Listado de Admitidos<\/a><\/h4><\/li><\/ul><\/div>\n\t\t\t\t<\/div>\n\t\t\t\t\t\t\t<div class=\"elementor-accordion-item\">\n\t\t\t\t\t<div id=\"elementor-tab-title-1125\" class=\"elementor-tab-title\" data-tab=\"5\" role=\"button\" aria-controls=\"elementor-tab-content-1125\" aria-expanded=\"false\">\n\t\t\t\t\t\t\t\t\t\t\t\t\t<span class=\"elementor-accordion-icon elementor-accordion-icon-left\" aria-hidden=\"true\">\n\t\t\t\t\t\t\t\t\t\t\t\t\t\t\t<span class=\"elementor-accordion-icon-closed\"><i class=\"fas fa-plus\"><\/i><\/span>\n\t\t\t\t\t\t\t\t<span class=\"elementor-accordion-icon-opened\"><i class=\"fas fa-minus\"><\/i><\/span>\n\t\t\t\t\t\t\t\t\t\t\t\t\t\t<\/span>\n\t\t\t\t\t\t\t\t\t\t\t\t<a class=\"elementor-accordion-title\" tabindex=\"0\">Elecci\u00f3n de Secretario (a) General periodo 2022<\/a>\n\t\t\t\t\t<\/div>\n\t\t\t\t\t<div id=\"elementor-tab-content-1125\" class=\"elementor-tab-content elementor-clearfix\" data-tab=\"5\" role=\"region\" aria-labelledby=\"elementor-tab-title-1125\"><h5><span style=\"color: #808080;\">EL PRESIDENTE DEL CONCEJO MUNICIPAL DE QUIBDO en uso de sus facultades constitucionales y legales y especial la establecida en el Articulo 126 Superior y la ley 136 de 1994, modificada por la ley 1551 de 2012.<\/span><\/h5><p><span style=\"color: #808080;\">Dispone la apertura de la convocatoria publica para la elecci\u00f3n del Secretario(a) General del Concejo Municipal de Quibd\u00f3, para el periodo 2022<\/span><\/p><ul><li><span style=\"color: #0000ff;\"><a style=\"color: #0000ff;\" href=\"https:\/\/drive.google.com\/file\/d\/16s4ZFlgf3k5B-sCvynk4WfHXz-NJBu_w\/view\" target=\"_blank\" rel=\"noopener\">Ver convocatoria<\/a><\/span><\/li><li><span style=\"color: #0000ff;\"><a style=\"color: #0000ff;\" href=\"https:\/\/drive.google.com\/file\/d\/14teTP8Xkln5H-VBPAjDDvhwEcogOmUWX\/view?usp=sharing\" target=\"_blank\" rel=\"noopener\">Listado de Admitidos<\/a><\/span><\/li><\/ul><\/div>\n\t\t\t\t<\/div>\n\t\t\t\t\t\t\t<div class=\"elementor-accordion-item\">\n\t\t\t\t\t<div id=\"elementor-tab-title-1126\" class=\"elementor-tab-title\" data-tab=\"6\" role=\"button\" aria-controls=\"elementor-tab-content-1126\" aria-expanded=\"false\">\n\t\t\t\t\t\t\t\t\t\t\t\t\t<span class=\"elementor-accordion-icon elementor-accordion-icon-left\" aria-hidden=\"true\">\n\t\t\t\t\t\t\t\t\t\t\t\t\t\t\t<span class=\"elementor-accordion-icon-closed\"><i class=\"fas fa-plus\"><\/i><\/span>\n\t\t\t\t\t\t\t\t<span class=\"elementor-accordion-icon-opened\"><i class=\"fas fa-minus\"><\/i><\/span>\n\t\t\t\t\t\t\t\t\t\t\t\t\t\t<\/span>\n\t\t\t\t\t\t\t\t\t\t\t\t<a class=\"elementor-accordion-title\" tabindex=\"0\">Elecci\u00f3n de Secretario (a) General periodo 2021<\/a>\n\t\t\t\t\t<\/div>\n\t\t\t\t\t<div id=\"elementor-tab-content-1126\" class=\"elementor-tab-content elementor-clearfix\" data-tab=\"6\" role=\"region\" aria-labelledby=\"elementor-tab-title-1126\"><h5><span style=\"color: #808080;\">Por Medio Del Cual Se Hace La Convocatoria Publica Para La Elecci\u00f3n Del Secretario(A) General Del Concejo Municipal De Quibd\u00f3 Y Se Dicta Su Procedimiento<\/span><\/h5><\/div>\n\t\t\t\t<\/div>\n\t\t\t\t\t\t\t\t<\/div>\n\t\t\t\t\t\t<\/div>\n\t\t\t\t<\/div>\n\t\t\t\t\t<\/div>\n\t\t<\/div>\n\t\t\t\t\t<\/div>\n\t\t<\/section>\n\t\t\t\t<\/div>\n\t\t","protected":false},"excerpt":{"rendered":"<p>Elecci\u00f3n de Secretario (a) General periodo 2025 Conozca el listado de las personas que fueron admitidas para continuar en el proceso de convocatoria de conformidad a la resoluci\u00f3n N\u00b0013 de noviembre de 2025. Ver Listado Resoluci\u00f3n 013 de 2025,&nbsp;Por medio del cual se hace la convocatoria p\u00fablica para la elecci\u00f3n del Secretario(a) General del Concejo Municipal de Quibd\u00f3 para el [&hellip;]<\/p>\n","protected":false},"author":1,"featured_media":0,"parent":0,"menu_order":0,"comment_status":"closed","ping_status":"closed","template":"","meta":{"footnotes":""},"class_list":["post-3525","page","type-page","status-publish","hentry"],"_links":{"self":[{"href":"https:\/\/concejodequibdo.gov.co\/sitio\/wp-json\/wp\/v2\/pages\/3525","targetHints":{"allow":["GET"]}}],"collection":[{"href":"https:\/\/concejodequibdo.gov.co\/sitio\/wp-json\/wp\/v2\/pages"}],"about":[{"href":"https:\/\/concejodequibdo.gov.co\/sitio\/wp-json\/wp\/v2\/types\/page"}],"author":[{"embeddable":true,"href":"https:\/\/concejodequibdo.gov.co\/sitio\/wp-json\/wp\/v2\/users\/1"}],"replies":[{"embeddable":true,"href":"https:\/\/concejodequibdo.gov.co\/sitio\/wp-json\/wp\/v2\/comments?post=3525"}],"version-history":[{"count":9,"href":"https:\/\/concejodequibdo.gov.co\/sitio\/wp-json\/wp\/v2\/pages\/3525\/revisions"}],"predecessor-version":[{"id":6101,"href":"https:\/\/concejodequibdo.gov.co\/sitio\/wp-json\/wp\/v2\/pages\/3525\/revisions\/6101"}],"wp:attachment":[{"href":"https:\/\/concejodequibdo.gov.co\/sitio\/wp-json\/wp\/v2\/media?parent=3525"}],"curies":[{"name":"wp","href":"https:\/\/api.w.org\/{rel}","templated":true}]}}