{"id":3796,"date":"2021-04-13T21:32:25","date_gmt":"2021-04-14T02:32:25","guid":{"rendered":"https:\/\/concejodequibdo.gov.co\/sitio\/?page_id=3796"},"modified":"2021-04-13T21:37:03","modified_gmt":"2021-04-14T02:37:03","slug":"funciones-del-concejo","status":"publish","type":"page","link":"https:\/\/concejodequibdo.gov.co\/sitio\/funciones-del-concejo\/","title":{"rendered":"Funciones del Concejo"},"content":{"rendered":"\t\t<div data-elementor-type=\"wp-page\" data-elementor-id=\"3796\" class=\"elementor elementor-3796\">\n\t\t\t\t\t\t<section class=\"elementor-section elementor-top-section elementor-element elementor-element-7e12f2b elementor-section-boxed elementor-section-height-default elementor-section-height-default\" data-id=\"7e12f2b\" data-element_type=\"section\">\n\t\t\t\t\t\t<div class=\"elementor-container elementor-column-gap-default\">\n\t\t\t\t\t<div class=\"elementor-column elementor-col-100 elementor-top-column elementor-element elementor-element-46b9b50\" data-id=\"46b9b50\" data-element_type=\"column\">\n\t\t\t<div class=\"elementor-widget-wrap\">\n\t\t\t\t\t\t\t<\/div>\n\t\t<\/div>\n\t\t\t\t\t<\/div>\n\t\t<\/section>\n\t\t\t\t<section class=\"elementor-section elementor-top-section elementor-element elementor-element-1dcb544 elementor-section-boxed elementor-section-height-default elementor-section-height-default\" data-id=\"1dcb544\" data-element_type=\"section\">\n\t\t\t\t\t\t<div class=\"elementor-container elementor-column-gap-default\">\n\t\t\t\t\t<div class=\"elementor-column elementor-col-100 elementor-top-column elementor-element elementor-element-4a6e142\" data-id=\"4a6e142\" data-element_type=\"column\">\n\t\t\t<div class=\"elementor-widget-wrap elementor-element-populated\">\n\t\t\t\t\t\t<div class=\"elementor-element elementor-element-fd412bb elementor-view-stacked elementor-position-left elementor-vertical-align-middle elementor-shape-circle elementor-mobile-position-top elementor-widget elementor-widget-icon-box\" data-id=\"fd412bb\" data-element_type=\"widget\" data-widget_type=\"icon-box.default\">\n\t\t\t\t<div class=\"elementor-widget-container\">\n\t\t\t\t\t\t\t<div class=\"elementor-icon-box-wrapper\">\n\n\t\t\t\t\t\t<div class=\"elementor-icon-box-icon\">\n\t\t\t\t<span  class=\"elementor-icon\">\n\t\t\t\t<i aria-hidden=\"true\" class=\"fas fa-landmark\"><\/i>\t\t\t\t<\/span>\n\t\t\t<\/div>\n\t\t\t\n\t\t\t\t\t\t<div class=\"elementor-icon-box-content\">\n\n\t\t\t\t\t\t\t\t\t<h3 class=\"elementor-icon-box-title\">\n\t\t\t\t\t\t<span  >\n\t\t\t\t\t\t\tEL CONCEJO COMO CORPORACI\u00d3N POL\u00cdTICO ADMINISTRATIVA Y POPULAR.\t\t\t\t\t\t<\/span>\n\t\t\t\t\t<\/h3>\n\t\t\t\t\n\t\t\t\t\n\t\t\t<\/div>\n\t\t\t\n\t\t<\/div>\n\t\t\t\t\t\t<\/div>\n\t\t\t\t<\/div>\n\t\t\t\t\t<\/div>\n\t\t<\/div>\n\t\t\t\t\t<\/div>\n\t\t<\/section>\n\t\t\t\t<section class=\"elementor-section elementor-top-section elementor-element elementor-element-f3e98d5 elementor-section-boxed elementor-section-height-default elementor-section-height-default\" data-id=\"f3e98d5\" data-element_type=\"section\">\n\t\t\t\t\t\t<div class=\"elementor-container elementor-column-gap-default\">\n\t\t\t\t\t<div class=\"elementor-column elementor-col-100 elementor-top-column elementor-element elementor-element-144f569\" data-id=\"144f569\" data-element_type=\"column\">\n\t\t\t<div class=\"elementor-widget-wrap elementor-element-populated\">\n\t\t\t\t\t\t<div class=\"elementor-element elementor-element-e7fa450 elementor-widget elementor-widget-text-editor\" data-id=\"e7fa450\" data-element_type=\"widget\" data-widget_type=\"text-editor.default\">\n\t\t\t\t<div class=\"elementor-widget-container\">\n\t\t\t\t\t\t\t\t\t<p class=\"vc_custom_heading\">Definici\u00f3n, Integraci\u00f3n y Periodo: El Concejo Municipal de QUIBD\u00d3 es una corporaci\u00f3n pol\u00edtico-administrativa de elecci\u00f3n popular, integrada por el n\u00famero de miembros que determina la ley, no pudiendo ser inferior a siete (7) ni superior a veintiuno (21), de acuerdo con la poblaci\u00f3n respectiva. El Concejo ejercer\u00e1 control pol\u00edtico a la administraci\u00f3n municipal.<\/p><p>Sus miembros reciben el nombre de Concejales quienes representan al pueblo y en el ejercicio de sus funciones deber\u00e1n actuar en bancadas, consultando al efecto el R\u00e9gimen Disciplinario de sus partidos o movimientos pol\u00edticos y propendiendo siempre por la consolidaci\u00f3n de decisiones justas que procuren el bien com\u00fan. Su periodo de permanencia es de cuatro (4) a\u00f1os reelegibles indefinidamente.<\/p><p>Los concejales representan al pueblo y son responsables pol\u00edticamente ante la sociedad y frente a sus electores del cumplimiento de las obligaciones propias de su investidura.<\/p><p>Algunas de las tareas que desempe\u00f1a son:<\/p><p>1. Reglamentar las funciones y la eficiente prestaci\u00f3n de los servicios a cargo del Municipio.<\/p><p>2. Adoptar los correspondientes planes y programas de desarrollo econ\u00f3mico y social de obras p\u00fablicas. (Ley 152 de 1994)<br \/>3. Autorizar al Alcalde para celebrar contratos y ejercer pro-t\u00e9mpore precisas funciones de las que corresponden al Concejo.<\/p><p>4. Votar de conformidad con la Constituci\u00f3n y la Ley los tributos y los gastos locales.<\/p><p>5. Dictar las normas org\u00e1nicas del presupuesto y expedir anualmente el presupuesto de Rentas y Gastos. (Decreto Ley 111 de 1996)<\/p><p>6. Determinar la estructura de la Administraci\u00f3n Municipal y las funciones de sus dependencias; las escalas de remuneraci\u00f3n correspondientes a las distintas categor\u00edas de empleos; crear a iniciativa del Alcalde, establecimientos p\u00fablicos y empresas industriales o comerciales y autorizar la constituci\u00f3n de Sociedades de Econom\u00eda Mixta.<\/p><p>7. Reglamentar los usos del suelo y, dentro de los l\u00edmites que fije la ley, vigilar y controlar las actividades relacionadas con la construcci\u00f3n y enajenaci\u00f3n de inmuebles destinados a vivienda. (Leyes 9\u00aa de 1989, 152 de 1994 y 388 de 1997).<\/p><p>8. Elegir Personero y Contralor Municipal, y posesionarlos. (CN. Arts. 313 Nral. 8 y 272 inciso 3\u00b0; Ley 136 de 1994 Arts. 160 y 171).<\/p><p>9. Dictar las normas necesarias para el Control, la preservaci\u00f3n y defensa del patrimonio ecol\u00f3gico y cultural del Municipio. (Leyes 9\u00aa de 1989, 152 de 1994, 388 de 1997 y 99 de 1993).<\/p><p>10. Aceptar la renuncia de los Concejales, cuando la Corporaci\u00f3n se encuentre sesionando. En receso, dicha atribuci\u00f3n le corresponde al Alcalde. (Acto legislativo N\u00ba 03 de 1993 Art. 2 y ley 136 de 1994 Art. 53 y 91 literal A &#8211; 8).<\/p><p>11. Numeral adicionado por el art\u00edculo 6 del Acto Legislativo 1 de 2007. El nuevo texto es el siguiente:&gt; En las capitales de los departamentos y los municipios con poblaci\u00f3n mayor de veinticinco mil habitantes, citar y requerir a los secretarios del despacho del alcalde para que concurran a las sesiones. Las citaciones deber\u00e1n hacerse con una anticipaci\u00f3n no menor de cinco (5) d\u00edas y formularse en cuestionario escrito. En caso de que los Secretarios no concurran, sin excusa aceptada por el Concejo Distrital o Municipal, este podr\u00e1 proponer moci\u00f3n de censura. Los Secretarios deber\u00e1n ser o\u00eddos en la sesi\u00f3n para la cual fueron citados, sin perjuicio de que el debate contin\u00fae en las sesiones posteriores por decisi\u00f3n del concejo. El debate no podr\u00e1 extenderse a asuntos ajenos al cuestionario y deber\u00e1 encabezar el orden del d\u00eda de la sesi\u00f3n.<\/p><p>12. Numeral adicionado por el art\u00edculo 6 del Acto Legislativo 1 de 2007. El nuevo texto es el siguiente:&gt; Proponer moci\u00f3n de censura respecto de los Secretarios del Despacho del Alcalde por asuntos relacionados con funciones propias del cargo o por desatenci\u00f3n a los requerimientos y citaciones del Concejo Distrital o Municipal. La moci\u00f3n de censura deber\u00e1 ser propuesta por la mitad m\u00e1s uno de los miembros que componen el Concejo Distrital o Municipal. La votaci\u00f3n se har\u00e1 entre el tercero y el d\u00e9cimo d\u00eda siguientes a la terminaci\u00f3n del debate, con audiencia p\u00fablica del funcionario respectivo. Su aprobaci\u00f3n requerir\u00e1 el voto afirmativo de las dos terceras partes de los miembros que integran la Corporaci\u00f3n. Una vez aprobada, el funcionario quedar\u00e1 separado de su cargo. Si fuere rechazada, no podr\u00e1 presentarse otra sobre la misma materia a menos que la motiven hechos nuevos. La renuncia del funcionario respecto del cual se haya promovido moci\u00f3n de censura no obsta para que la misma sea aprobada conforme a lo previsto en este art\u00edculo.<\/p><p>13. Las dem\u00e1s que la Constituci\u00f3n Pol\u00edtica le asigne.<\/p>\t\t\t\t\t\t\t\t<\/div>\n\t\t\t\t<\/div>\n\t\t\t\t\t<\/div>\n\t\t<\/div>\n\t\t\t\t\t<\/div>\n\t\t<\/section>\n\t\t\t\t<\/div>\n\t\t","protected":false},"excerpt":{"rendered":"<p>EL CONCEJO COMO CORPORACI\u00d3N POL\u00cdTICO ADMINISTRATIVA Y POPULAR. Definici\u00f3n, Integraci\u00f3n y Periodo: El Concejo Municipal de QUIBD\u00d3 es una corporaci\u00f3n pol\u00edtico-administrativa de elecci\u00f3n popular, integrada por el n\u00famero de miembros que determina la ley, no pudiendo ser inferior a siete (7) ni superior a veintiuno (21), de acuerdo con la poblaci\u00f3n respectiva. El Concejo ejercer\u00e1 control pol\u00edtico a la administraci\u00f3n [&hellip;]<\/p>\n","protected":false},"author":1,"featured_media":0,"parent":0,"menu_order":0,"comment_status":"closed","ping_status":"closed","template":"","meta":{"footnotes":""},"class_list":["post-3796","page","type-page","status-publish","hentry"],"_links":{"self":[{"href":"https:\/\/concejodequibdo.gov.co\/sitio\/wp-json\/wp\/v2\/pages\/3796","targetHints":{"allow":["GET"]}}],"collection":[{"href":"https:\/\/concejodequibdo.gov.co\/sitio\/wp-json\/wp\/v2\/pages"}],"about":[{"href":"https:\/\/concejodequibdo.gov.co\/sitio\/wp-json\/wp\/v2\/types\/page"}],"author":[{"embeddable":true,"href":"https:\/\/concejodequibdo.gov.co\/sitio\/wp-json\/wp\/v2\/users\/1"}],"replies":[{"embeddable":true,"href":"https:\/\/concejodequibdo.gov.co\/sitio\/wp-json\/wp\/v2\/comments?post=3796"}],"version-history":[{"count":0,"href":"https:\/\/concejodequibdo.gov.co\/sitio\/wp-json\/wp\/v2\/pages\/3796\/revisions"}],"wp:attachment":[{"href":"https:\/\/concejodequibdo.gov.co\/sitio\/wp-json\/wp\/v2\/media?parent=3796"}],"curies":[{"name":"wp","href":"https:\/\/api.w.org\/{rel}","templated":true}]}}